{"id":242,"date":"2023-12-14T15:07:07","date_gmt":"2023-12-14T15:07:07","guid":{"rendered":"https:\/\/www.ncllimited.com\/?post_type=product&#038;p=242"},"modified":"2023-12-15T12:27:50","modified_gmt":"2023-12-15T12:27:50","slug":"konteyner-yuklemesi","status":"publish","type":"product","link":"https:\/\/www.ncllimited.com\/ar\/product\/konteyner-yuklemesi\/","title":{"rendered":"\u062a\u062d\u0645\u064a\u0644 \u0627\u0644\u062d\u0627\u0648\u064a\u0627\u062a"},"content":{"rendered":"<p class=\"has-medium-font-size\"><strong>NCL \u0645\u0635\u062f\u0631 \u0639\u0627\u0644\u0645\u064a<\/strong><br>\u0628\u0627\u0644\u062a\u0639\u0627\u0648\u0646 \u0645\u0639 \u0634\u0631\u0643\u0627\u0626\u0646\u0627 \u0641\u064a \u062e\u0637\u0648\u0637 \u0627\u0644\u0634\u062d\u0646 \u0627\u0644\u062f\u0648\u0644\u064a\u0629\u060c<\/p>\n\n\n\n<p class=\"has-medium-font-size\">\u0623\u0642\u0644 \u062a\u0643\u0644\u0641\u0629 \u0627\u0644\u0634\u062d\u0646 \u0648\u0623\u0633\u0631\u0639 \u0627\u0644\u0637\u0631\u064a\u0642<br>\u0633\u0646\u0628\u0630\u0644 \u0642\u0635\u0627\u0631\u0649 \u062c\u0647\u062f\u0646\u0627 \u0644\u0644\u0639\u062b\u0648\u0631 \u0639\u0644\u0649 \u0627\u0644\u062d\u0627\u0648\u064a\u0627\u062a \u0627\u0644\u062e\u0627\u0635\u0629 \u0628\u0643.<br>\u0646\u062d\u0646 \u0646\u0641\u0639\u0644.<\/p>\n\n\n\n<p class=\"has-medium-font-size\">\u0627\u0644\u0635\u0648\u0631 \u0648\u0645\u0642\u0627\u0637\u0639 \u0627\u0644\u0641\u064a\u062f\u064a\u0648 \u0627\u0644\u062d\u064a\u0629 \u0644\u0639\u0645\u0644\u064a\u0629 \u0627\u0644\u062a\u062b\u0628\u064a\u062a<br>\u062a\u062d\u0645\u064a\u0644 \u0627\u0644\u062d\u0627\u0648\u064a\u0627\u062a \u0639\u0646 \u0637\u0631\u064a\u0642 \u0646\u0642\u0644\u0647\u0627 \u062e\u0637\u0648\u0629 \u0628\u062e\u0637\u0648\u0629 \u0625\u0644\u0649 \u0627\u0644\u0639\u0645\u064a\u0644<br>\u0646\u062d\u0646 \u0646\u0641\u062d\u0635 \u0645\u0646 \u0627\u0644\u0628\u062f\u0627\u064a\u0629 \u0625\u0644\u0649 \u0627\u0644\u0646\u0647\u0627\u064a\u0629.<br>\u0648\u0641\u0631 \u0644\u0639\u0645\u0644\u0627\u0626\u0646\u0627 \u0623\u0643\u0628\u0631 \u0642\u062f\u0631 \u0645\u0645\u0643\u0646 \u0645\u0646 \u0627\u0644\u062a\u0643\u0644\u0641\u0629<br>\u0643\u0644 \u0645\u0633\u0627\u062d\u0629 \u062d\u0631\u0629 \u0641\u064a \u0627\u0644\u062d\u0627\u0648\u064a\u0629 \u0644\u0636\u0645\u0627\u0646<br>\u0646\u062d\u0646 \u0646\u0633\u062a\u062e\u062f\u0645.<\/p>","protected":false},"excerpt":{"rendered":"<p>NCL Worldwide ExporterUluslararas\u0131 nakliye hatt\u0131 ortaklar\u0131m\u0131zla birlikte, en d\u00fc\u015f\u00fck nakliye maliyetini ve en h\u0131zl\u0131 rotakonteynerlerini bulmak i\u00e7in elimizden geleniyap\u0131yoruz. Y\u00fckleme i\u015fleminin canl\u0131 foto\u011fraf ve videolar\u0131n\u0131m\u00fc\u015fteriye ad\u0131m ad\u0131m ileterek konteyner y\u00fcklemesiniba\u015f\u0131ndan sonuna kadar denetliyoruz.M\u00fc\u015fterilerimize m\u00fcmk\u00fcn oldu\u011funca maliyet tasarrufusa\u011flamak i\u00e7in konteynerdeki her bo\u015f alan\u0131kullan\u0131yoruz.<\/p>","protected":false},"featured_media":243,"comment_status":"closed","ping_status":"closed","template":"","meta":[],"product_cat":[17,18],"product_tag":[],"jetpack_sharing_enabled":true,"_links":{"self":[{"href":"https:\/\/www.ncllimited.com\/ar\/wp-json\/wp\/v2\/product\/242"}],"collection":[{"href":"https:\/\/www.ncllimited.com\/ar\/wp-json\/wp\/v2\/product"}],"about":[{"href":"https:\/\/www.ncllimited.com\/ar\/wp-json\/wp\/v2\/types\/product"}],"replies":[{"embeddable":true,"href":"https:\/\/www.ncllimited.com\/ar\/wp-json\/wp\/v2\/comments?post=242"}],"version-history":[{"count":1,"href":"https:\/\/www.ncllimited.com\/ar\/wp-json\/wp\/v2\/product\/242\/revisions"}],"predecessor-version":[{"id":435,"href":"https:\/\/www.ncllimited.com\/ar\/wp-json\/wp\/v2\/product\/242\/revisions\/435"}],"wp:featuredmedia":[{"embeddable":true,"href":"https:\/\/www.ncllimited.com\/ar\/wp-json\/wp\/v2\/media\/243"}],"wp:attachment":[{"href":"https:\/\/www.ncllimited.com\/ar\/wp-json\/wp\/v2\/media?parent=242"}],"wp:term":[{"taxonomy":"product_cat","embeddable":true,"href":"https:\/\/www.ncllimited.com\/ar\/wp-json\/wp\/v2\/product_cat?post=242"},{"taxonomy":"product_tag","embeddable":true,"href":"https:\/\/www.ncllimited.com\/ar\/wp-json\/wp\/v2\/product_tag?post=242"}],"curies":[{"name":"wp","href":"https:\/\/api.w.org\/{rel}","templated":true}]}}