{"id":79,"date":"2023-12-09T17:18:52","date_gmt":"2023-12-09T17:18:52","guid":{"rendered":"https:\/\/www.ncllimited.com\/?post_type=product&#038;p=79"},"modified":"2023-12-15T12:19:29","modified_gmt":"2023-12-15T12:19:29","slug":"denizasiri-tasima","status":"publish","type":"product","link":"https:\/\/www.ncllimited.com\/ar\/product\/denizasiri-tasima\/","title":{"rendered":"\u0627\u0644\u0646\u0642\u0644 \u0641\u064a \u0627\u0644\u062e\u0627\u0631\u062c"},"content":{"rendered":"<p class=\"has-medium-font-size\"><strong>NCL \u0645\u0635\u062f\u0631 \u0639\u0627\u0644\u0645\u064a<\/strong><\/p>\n\n\n\n<p class=\"has-medium-font-size\"><strong><br>\u0627\u0644\u0646\u0642\u0644 \u0627\u0644\u0628\u062d\u0631\u064a<\/strong><\/p>\n\n\n\n<p class=\"has-medium-font-size\"><br>\u0627\u0644\u0646\u0642\u0644 \u0627\u0644\u0628\u062d\u0631\u064a\u060c \u0627\u0644\u062a\u062d\u0645\u064a\u0644 \u0641\u064a \u0627\u0644\u062d\u0627\u0648\u064a\u0627\u062a \u0639\u0644\u0649 \u0627\u0644\u0633\u0641\u0646<br>\u0625\u0646\u0647\u0627 \u0648\u0633\u064a\u0644\u0629 \u0644\u0646\u0642\u0644 \u0627\u0644\u0628\u0636\u0627\u0626\u0639 \u0639\u0646 \u0637\u0631\u064a\u0642 \u0627\u0644\u0628\u062d\u0631. \u0639\u0627\u0644\u0645<br>\u0648\u0623\u0643\u062b\u0631 \u0645\u0646 90 \u0628\u0627\u0644\u0645\u0626\u0629 \u0645\u0646 \u0627\u0644\u062a\u062c\u0627\u0631\u0629 \u062a\u062a\u0645 \u0639\u0646 \u0637\u0631\u064a\u0642 \u0627\u0644\u0628\u062d\u0631<br>\u064a\u062a\u0645 \u0627\u0646\u062c\u0627\u0632\u0647. \u0625\u0631\u0633\u0627\u0644 \u0627\u0644\u0628\u0636\u0627\u0626\u0639 \u0627\u0644\u062e\u0627\u0635\u0629 \u0628\u0643 \u0641\u064a \u0623\u064a \u0645\u0643\u0627\u0646 \u0641\u064a \u0627\u0644\u0639\u0627\u0644\u0645<br>\u0625\u0630\u0627 \u0643\u0646\u062a \u062a\u0631\u064a\u062f \u0627\u0644\u0646\u0642\u0644 \u0627\u0644\u0628\u062d\u0631\u064a \u0647\u0648 \u0627\u0644\u0623\u0646\u0633\u0628<br>\u062e\u064a\u0627\u0631.<br>\u0627\u0644\u0646\u0642\u0644 \u0627\u0644\u0628\u062d\u0631\u064a (\u062e\u0637 MRSK\u060c MSC\u060c CMA\u060c<br>\u0625\u0630\u0627 \u0637\u0644\u0628\u062a COSCO \u0648\u0627\u0644\u0639\u0645\u064a\u0644<br>\u0623\u062e\u0631\u0649 \u0623\u0643\u062b\u0631 \u0627\u0639\u062a\u0645\u0627\u062f\u0627 \u0639\u0644\u0649 \u0627\u0644\u0623\u0635\u0644 \u0648\u0627\u0644\u0648\u062c\u0647\u0629<br>line) \u0645\u0639 \u0623\u0634\u0647\u0631 \u062e\u0637\u0648\u0637 \u0627\u0644\u0634\u062d\u0646 \u0627\u0644\u0639\u0627\u0644\u0645\u064a\u0629 \u0645\u062b\u0644<br>\u0625\u0646\u0647\u0627 \u0637\u0631\u064a\u0642\u0629 \u0627\u0644\u0634\u062d\u0646 \u0627\u0644\u0631\u0626\u064a\u0633\u064a\u0629 \u0644\u062f\u064a\u0646\u0627 \u0644\u0644\u062a\u0639\u0627\u0645\u0644.<br>\u0644\u062c\u0645\u064a\u0639 \u0627\u062d\u062a\u064a\u0627\u062c\u0627\u062a \u0627\u0644\u0646\u0642\u0644 \u0627\u0644\u0628\u062d\u0631\u064a \u0627\u0644\u062e\u0627\u0635\u0629 \u0628\u0643\u060c \u0645\u0646 \u0641\u0636\u0644\u0643<br>\u0627\u062a\u0635\u0644 \u0628\u0646\u0627 \u0648\u0627\u062d\u0635\u0644 \u0639\u0644\u0649 \u0623\u0633\u0631\u0639 \u062e\u062f\u0645\u0629 \u0641\u064a \u0627\u0644\u0633\u0648\u0642<br>\u0648\u0627\u0644\u062d\u0635\u0648\u0644 \u0639\u0644\u0649 \u0623\u0642\u0644 \u0627\u0644\u0631\u0633\u0648\u0645.<\/p>","protected":false},"excerpt":{"rendered":"<p>NCL Worldwide Exporter Deniz ta\u015f\u0131mac\u0131l\u0131\u011f\u0131 Okyanus ta\u015f\u0131mac\u0131l\u0131\u011f\u0131, gemilere y\u00fcklenen konteynerlikargolar\u0131n deniz yoluyla ta\u015f\u0131nmas\u0131 y\u00f6ntemidir. D\u00fcnyaticaretinin y\u00fczde 90&#8217;\u0131ndan fazlas\u0131 deniz yoluylayap\u0131l\u0131yor. Y\u00fck\u00fcn\u00fcz\u00fc d\u00fcnyan\u0131n her yerine g\u00f6ndermekistiyorsan\u0131z denizyolu ta\u015f\u0131mac\u0131l\u0131\u011f\u0131 en uygunse\u00e7enektir.Okyanus ta\u015f\u0131mac\u0131l\u0131\u011f\u0131, (MRSK hatt\u0131, MSC, CMA,COSCO ve m\u00fc\u015fteri taraf\u0131ndan talep edilmesi halindemen\u015fe ve var\u0131\u015f noktas\u0131na ba\u011fl\u0131 olarak di\u011fer daha fazlahat) gibi en \u00fcnl\u00fc uluslararas\u0131 nakliye hatlar\u0131ylailgilendi\u011fimiz i\u00e7in [&hellip;]<\/p>","protected":false},"featured_media":36,"comment_status":"closed","ping_status":"closed","template":"","meta":[],"product_cat":[17,18],"product_tag":[],"jetpack_sharing_enabled":true,"_links":{"self":[{"href":"https:\/\/www.ncllimited.com\/ar\/wp-json\/wp\/v2\/product\/79"}],"collection":[{"href":"https:\/\/www.ncllimited.com\/ar\/wp-json\/wp\/v2\/product"}],"about":[{"href":"https:\/\/www.ncllimited.com\/ar\/wp-json\/wp\/v2\/types\/product"}],"replies":[{"embeddable":true,"href":"https:\/\/www.ncllimited.com\/ar\/wp-json\/wp\/v2\/comments?post=79"}],"version-history":[{"count":1,"href":"https:\/\/www.ncllimited.com\/ar\/wp-json\/wp\/v2\/product\/79\/revisions"}],"predecessor-version":[{"id":397,"href":"https:\/\/www.ncllimited.com\/ar\/wp-json\/wp\/v2\/product\/79\/revisions\/397"}],"wp:featuredmedia":[{"embeddable":true,"href":"https:\/\/www.ncllimited.com\/ar\/wp-json\/wp\/v2\/media\/36"}],"wp:attachment":[{"href":"https:\/\/www.ncllimited.com\/ar\/wp-json\/wp\/v2\/media?parent=79"}],"wp:term":[{"taxonomy":"product_cat","embeddable":true,"href":"https:\/\/www.ncllimited.com\/ar\/wp-json\/wp\/v2\/product_cat?post=79"},{"taxonomy":"product_tag","embeddable":true,"href":"https:\/\/www.ncllimited.com\/ar\/wp-json\/wp\/v2\/product_tag?post=79"}],"curies":[{"name":"wp","href":"https:\/\/api.w.org\/{rel}","templated":true}]}}