{"id":61,"date":"2023-12-07T16:04:23","date_gmt":"2023-12-07T16:04:23","guid":{"rendered":"https:\/\/www.ncllimited.com\/?post_type=product&#038;p=61"},"modified":"2024-01-08T16:22:22","modified_gmt":"2024-01-08T16:22:22","slug":"gozetim","status":"publish","type":"product","link":"https:\/\/www.ncllimited.com\/en\/product\/gozetim\/","title":{"rendered":"Surveillance"},"content":{"rendered":"<p class=\"has-medium-font-size\"><strong>NCL Worldwide Exporter<\/strong><\/p>\n\n\n\n<p class=\"has-medium-font-size\"><strong>Quality Control Audits<\/strong><\/p>\n\n\n\n<p class=\"has-medium-font-size\">Step by step to meet customer requirements<br>ensuring quality control during the production process<br>we help.<\/p>\n\n\n\n<p class=\"has-medium-font-size\">%0-20<\/p>\n\n\n\n<p class=\"has-medium-font-size\">Initial Product Inspection (IPC)<br>Identify quality problems early in the production process<br>detect (raw material machinery installation, etc.).<\/p>\n\n\n\n<p class=\"has-medium-font-size\">%20-%80<\/p>\n\n\n\n<p class=\"has-medium-font-size\">During Production Inspection (DUPRO)<\/p>\n\n\n\n<p class=\"has-medium-font-size\">Order all issues discovered during the IPC<br>make sure it is fixed before completion.<\/p>\n\n\n\n<p class=\"has-medium-font-size\">%80-%100<\/p>\n\n\n\n<p class=\"has-medium-font-size\">Pre-Shipment Inspection (PSI)<br>The entire production batch before leaving the factory<br>verify its quality.<\/p>\n\n\n\n<p class=\"has-medium-font-size\">100%<\/p>\n\n\n\n<p class=\"has-medium-font-size\">Container Loading Control (CLC)<br>Make sure that every product you paid for reaches the truck.<br>be sure; Reduces the risk of damage during shipping.<\/p>","protected":false},"excerpt":{"rendered":"<p>NCL Worldwide Exporter Kalite Kontrol Denetimleri M\u00fc\u015fteri gereksinimlerini kar\u015f\u0131lamak i\u00e7in ad\u0131m ad\u0131m\u00fcretim s\u00fcrecinde kalite kontrol\u00fcn\u00fcn sa\u011flanmas\u0131nayard\u0131mc\u0131 oluyoruz. %0-20 \u0130lk \u00dcr\u00fcn Kontrol\u00fc (IPC)Kalite sorunlar\u0131n\u0131 uretim surecinin erken safhalar\u0131ntespit edin (hammadde makineleri kurulumu, vb.). %20-%80 \u00dcretim Denetimi S\u0131ras\u0131nda (DUPRO) IPC s\u0131ras\u0131nda ke\u015ffedilen t\u00fcm sorunlar\u0131n sipari\u015ftamamlanmadan \u00f6nce d\u00fczeltildi\u011finden emin olun. %80-%100 Sevkiyat \u00d6ncesi Denetim (PSI)Fabrikadan \u00e7\u0131kmadan \u00f6nce t\u00fcm [&hellip;]<\/p>","protected":false},"featured_media":40,"comment_status":"closed","ping_status":"closed","template":"","meta":[],"product_cat":[17,18],"product_tag":[],"jetpack_sharing_enabled":true,"_links":{"self":[{"href":"https:\/\/www.ncllimited.com\/en\/wp-json\/wp\/v2\/product\/61"}],"collection":[{"href":"https:\/\/www.ncllimited.com\/en\/wp-json\/wp\/v2\/product"}],"about":[{"href":"https:\/\/www.ncllimited.com\/en\/wp-json\/wp\/v2\/types\/product"}],"replies":[{"embeddable":true,"href":"https:\/\/www.ncllimited.com\/en\/wp-json\/wp\/v2\/comments?post=61"}],"version-history":[{"count":2,"href":"https:\/\/www.ncllimited.com\/en\/wp-json\/wp\/v2\/product\/61\/revisions"}],"predecessor-version":[{"id":578,"href":"https:\/\/www.ncllimited.com\/en\/wp-json\/wp\/v2\/product\/61\/revisions\/578"}],"wp:featuredmedia":[{"embeddable":true,"href":"https:\/\/www.ncllimited.com\/en\/wp-json\/wp\/v2\/media\/40"}],"wp:attachment":[{"href":"https:\/\/www.ncllimited.com\/en\/wp-json\/wp\/v2\/media?parent=61"}],"wp:term":[{"taxonomy":"product_cat","embeddable":true,"href":"https:\/\/www.ncllimited.com\/en\/wp-json\/wp\/v2\/product_cat?post=61"},{"taxonomy":"product_tag","embeddable":true,"href":"https:\/\/www.ncllimited.com\/en\/wp-json\/wp\/v2\/product_tag?post=61"}],"curies":[{"name":"wp","href":"https:\/\/api.w.org\/{rel}","templated":true}]}}