{"id":79,"date":"2023-12-09T17:18:52","date_gmt":"2023-12-09T17:18:52","guid":{"rendered":"https:\/\/www.ncllimited.com\/?post_type=product&#038;p=79"},"modified":"2023-12-15T12:19:29","modified_gmt":"2023-12-15T12:19:29","slug":"denizasiri-tasima","status":"publish","type":"product","link":"https:\/\/www.ncllimited.com\/en\/product\/denizasiri-tasima\/","title":{"rendered":"Oversea Transport"},"content":{"rendered":"<p class=\"has-medium-font-size\"><strong>NCL Worldwide Exporter<\/strong><\/p>\n\n\n\n<p class=\"has-medium-font-size\"><strong><br>Sea \u200b\u200btransport<\/strong><\/p>\n\n\n\n<p class=\"has-medium-font-size\"><br>Ocean transportation, containerized loading on ships<br>It is a method of transporting cargo by sea. World<br>More than 90 percent of trade is by sea<br>is being done. Sending your cargo anywhere in the world<br>If you want sea transportation is the most suitable<br>option.<br>Ocean transportation, (MRSK line, MSC, CMA,<br>If requested by COSCO and the customer<br>other more depending on origin and destination<br>line) with the most famous international shipping lines such as<br>It is our main shipping method for dealing.<br>For all your sea transportation needs, please<br>contact us and get the fastest service on the market<br>and get the lowest fee.<\/p>","protected":false},"excerpt":{"rendered":"<p>NCL Worldwide Exporter Deniz ta\u015f\u0131mac\u0131l\u0131\u011f\u0131 Okyanus ta\u015f\u0131mac\u0131l\u0131\u011f\u0131, gemilere y\u00fcklenen konteynerlikargolar\u0131n deniz yoluyla ta\u015f\u0131nmas\u0131 y\u00f6ntemidir. D\u00fcnyaticaretinin y\u00fczde 90&#8217;\u0131ndan fazlas\u0131 deniz yoluylayap\u0131l\u0131yor. Y\u00fck\u00fcn\u00fcz\u00fc d\u00fcnyan\u0131n her yerine g\u00f6ndermekistiyorsan\u0131z denizyolu ta\u015f\u0131mac\u0131l\u0131\u011f\u0131 en uygunse\u00e7enektir.Okyanus ta\u015f\u0131mac\u0131l\u0131\u011f\u0131, (MRSK hatt\u0131, MSC, CMA,COSCO ve m\u00fc\u015fteri taraf\u0131ndan talep edilmesi halindemen\u015fe ve var\u0131\u015f noktas\u0131na ba\u011fl\u0131 olarak di\u011fer daha fazlahat) gibi en \u00fcnl\u00fc uluslararas\u0131 nakliye hatlar\u0131ylailgilendi\u011fimiz i\u00e7in [&hellip;]<\/p>","protected":false},"featured_media":36,"comment_status":"closed","ping_status":"closed","template":"","meta":[],"product_cat":[17,18],"product_tag":[],"jetpack_sharing_enabled":true,"_links":{"self":[{"href":"https:\/\/www.ncllimited.com\/en\/wp-json\/wp\/v2\/product\/79"}],"collection":[{"href":"https:\/\/www.ncllimited.com\/en\/wp-json\/wp\/v2\/product"}],"about":[{"href":"https:\/\/www.ncllimited.com\/en\/wp-json\/wp\/v2\/types\/product"}],"replies":[{"embeddable":true,"href":"https:\/\/www.ncllimited.com\/en\/wp-json\/wp\/v2\/comments?post=79"}],"version-history":[{"count":1,"href":"https:\/\/www.ncllimited.com\/en\/wp-json\/wp\/v2\/product\/79\/revisions"}],"predecessor-version":[{"id":397,"href":"https:\/\/www.ncllimited.com\/en\/wp-json\/wp\/v2\/product\/79\/revisions\/397"}],"wp:featuredmedia":[{"embeddable":true,"href":"https:\/\/www.ncllimited.com\/en\/wp-json\/wp\/v2\/media\/36"}],"wp:attachment":[{"href":"https:\/\/www.ncllimited.com\/en\/wp-json\/wp\/v2\/media?parent=79"}],"wp:term":[{"taxonomy":"product_cat","embeddable":true,"href":"https:\/\/www.ncllimited.com\/en\/wp-json\/wp\/v2\/product_cat?post=79"},{"taxonomy":"product_tag","embeddable":true,"href":"https:\/\/www.ncllimited.com\/en\/wp-json\/wp\/v2\/product_tag?post=79"}],"curies":[{"name":"wp","href":"https:\/\/api.w.org\/{rel}","templated":true}]}}