{"id":244,"date":"2023-12-14T15:09:58","date_gmt":"2023-12-14T15:09:58","guid":{"rendered":"https:\/\/www.ncllimited.com\/?post_type=product&#038;p=244"},"modified":"2023-12-15T12:30:08","modified_gmt":"2023-12-15T12:30:08","slug":"test-raporu","status":"publish","type":"product","link":"https:\/\/www.ncllimited.com\/fr\/produit\/test-raporu\/","title":{"rendered":"Rapport d'essai"},"content":{"rendered":"<p class=\"has-medium-font-size\"><strong>NCL Exportateur Mondial<\/strong><br>Rapport d'essai et certificat de conformit\u00e9<\/p>\n\n\n\n<p class=\"has-medium-font-size\">Notre entreprise r\u00e9alise toutes sortes de tests demand\u00e9s par nos clients.<br>fournit des rapports et des certificats.<\/p>\n\n\n\n<p class=\"has-medium-font-size\">\u00c9chantillons de mati\u00e8res premi\u00e8res des produits achet\u00e9s<br>contacter les fabricants pour les envoyer au laboratoire.<br>jusqu'\u00e0 ce que le certificat du rapport d'essai soit re\u00e7u.<br>V\u00e9rifiez ensuite la date de t\u00e9l\u00e9chargement et la disponibilit\u00e9<br>Finalisez votre certificat.<\/p>","protected":false},"excerpt":{"rendered":"<p>NCL Worldwide ExporterTest Raporu ve Uygunluk Sertifikas\u0131 Firmam\u0131z m\u00fc\u015fterilerimizin talep etti\u011fi her t\u00fcrl\u00fc testraporlar\u0131n\u0131 ve sertifikalar\u0131n\u0131 sa\u011flamaktad\u0131r. Sat\u0131n al\u0131nan \u00fcr\u00fcnlerin hammadde numunelerininlaboratuvara g\u00f6nderilmesi i\u00e7in \u00fcreticilerle ileti\u015fimdenba\u015flay\u0131p, test raporu sertifikas\u0131 al\u0131nana kadar.Daha sonra y\u00fckleme tarihini denetleyin ve UygunlukSertifikas\u0131n\u0131 kesinle\u015ftirin.<\/p>","protected":false},"featured_media":182,"comment_status":"closed","ping_status":"closed","template":"","meta":[],"product_cat":[17,18],"product_tag":[],"jetpack_sharing_enabled":true,"_links":{"self":[{"href":"https:\/\/www.ncllimited.com\/fr\/wp-json\/wp\/v2\/product\/244"}],"collection":[{"href":"https:\/\/www.ncllimited.com\/fr\/wp-json\/wp\/v2\/product"}],"about":[{"href":"https:\/\/www.ncllimited.com\/fr\/wp-json\/wp\/v2\/types\/product"}],"replies":[{"embeddable":true,"href":"https:\/\/www.ncllimited.com\/fr\/wp-json\/wp\/v2\/comments?post=244"}],"version-history":[{"count":1,"href":"https:\/\/www.ncllimited.com\/fr\/wp-json\/wp\/v2\/product\/244\/revisions"}],"predecessor-version":[{"id":436,"href":"https:\/\/www.ncllimited.com\/fr\/wp-json\/wp\/v2\/product\/244\/revisions\/436"}],"wp:featuredmedia":[{"embeddable":true,"href":"https:\/\/www.ncllimited.com\/fr\/wp-json\/wp\/v2\/media\/182"}],"wp:attachment":[{"href":"https:\/\/www.ncllimited.com\/fr\/wp-json\/wp\/v2\/media?parent=244"}],"wp:term":[{"taxonomy":"product_cat","embeddable":true,"href":"https:\/\/www.ncllimited.com\/fr\/wp-json\/wp\/v2\/product_cat?post=244"},{"taxonomy":"product_tag","embeddable":true,"href":"https:\/\/www.ncllimited.com\/fr\/wp-json\/wp\/v2\/product_tag?post=244"}],"curies":[{"name":"wp","href":"https:\/\/api.w.org\/{rel}","templated":true}]}}